{"id":249,"date":"2020-10-26T19:55:16","date_gmt":"2020-10-26T19:55:16","guid":{"rendered":"https:\/\/vieja.purezacofrade.es\/?page_id=249"},"modified":"2020-12-28T18:46:08","modified_gmt":"2020-12-28T18:46:08","slug":"envio-y-devoluciones","status":"publish","type":"page","link":"https:\/\/vieja.purezacofrade.es\/index.php\/envio-y-devoluciones\/","title":{"rendered":"Env\u00edo y Devoluciones"},"content":{"rendered":"[et_pb_section fb_built=\u00bb1&#8243; admin_label=\u00bbsection\u00bb _builder_version=\u00bb3.0.47&#8243;][et_pb_row admin_label=\u00bbrow\u00bb _builder_version=\u00bb3.0.48&#8243; background_size=\u00bbinitial\u00bb background_position=\u00bbtop_left\u00bb background_repeat=\u00bbrepeat\u00bb][et_pb_column type=\u00bb4_4&#8243; _builder_version=\u00bb3.0.47&#8243; parallax=\u00bboff\u00bb parallax_method=\u00bbon\u00bb][et_pb_text admin_label=\u00bbText\u00bb _builder_version=\u00bb3.0.74&#8243; background_size=\u00bbinitial\u00bb background_position=\u00bbtop_left\u00bb background_repeat=\u00bbrepeat\u00bb]<p><\/p>\n<h2 class=\"wp-block-heading\">Env\u00edos<\/h2>\n<p><\/p>\n<p><\/p>\n<p>Los plazos de entrega se har\u00e1n en un plazo de 15 d\u00edas m\u00e1ximo intentando reducir siempre el tiempo de entrega en funci\u00f3n de las posibilidades ofrecidas por la empresa de mensajer\u00eda y la situaci\u00f3n geogr\u00e1fica de la direcci\u00f3n del env\u00edo. No podemos garantizar estos plazos de entrega, si bien intentamos que las empresas de transporte los cumplan siempre que sea posible. En el caso de env\u00edos a las Islas Canarias, la recogida se deber\u00e1 realizar en el punto de recogida indicado.<\/p>\n<p><\/p>\n<p><\/p>\n<p>Los plazos de entrega depender\u00e1n de la disponibilidad de cada producto. En los pedidos que incluyan varios art\u00edculos se har\u00e1 un \u00fanico env\u00edo.<\/p>\n<p><\/p>\n<p><\/p>\n<p>Se considerar\u00e1 entregado un pedido cuando sea firmado el recibo de entrega por parte del cliente. Es en las pr\u00f3ximas 72 horas cuando el cliente debe verificar los productos a la recepci\u00f3n de los mismos y exponer todas las objeciones que pudiesen existir.<\/p>\n<p><\/p>\n<p><\/p>\n<p>En caso de recibir un producto da\u00f1ado por el transporte es recomendable contactarnos dentro de las primeras 24 horas para poder reclamar la incidencia a la empresa de transporte. De la misma forma es conveniente dejar constancia dicha empresa de transporte.<\/p>\n<p><\/p>\n<p><\/p>\n<h2 class=\"wp-block-heading\">Pol\u00edtica de devoluciones<\/h2>\n<p><\/p>\n<p><\/p>\n<p>Nuestra pol\u00edtica tiene una duraci\u00f3n de 30 d\u00edas. Si 30 d\u00edas han pasado desde tu compra, por desgracia no podemos ofrecer un reembolso o cambio.<\/p>\n<p><\/p>\n<p><\/p>\n<p>Para ser elegible para una devoluci\u00f3n, el art\u00edculo debe estar sin usar y en las mismas condiciones en que lo recibiste. Tambi\u00e9n debe estar en su embalaje original.<\/p>\n<p><\/p>\n<p><\/p>\n<p><\/p>\n<p><\/p>\n<p>Para completar tu devoluci\u00f3n, requerimos un recibo o prueba de compra. Por favor no env\u00edes tu compra de retorno al fabricante.<\/p>\n<p><\/p>\n<p><\/p>\n<h2 class=\"wp-block-heading\">Reembolsos<\/h2>\n<p><\/p>\n<p><\/p>\n<p>Una\u00a0 vez que tu devoluci\u00f3n es recibida e inspeccionada, enviaremos un correo electr\u00f3nico para notificarte que hemos recibido tu devoluci\u00f3n.\u00a0 Tambi\u00e9n te notificaremos la aprobaci\u00f3n o rechazo de tu reembolso.<\/p>\n<p><\/p>\n<p><\/p>\n<p>Si eres aprobado, entonces tu reembolso ser\u00e1 procesado y un cr\u00e9dito ser\u00e1 autom\u00e1ticamente aplicado a tu tarjeta de cr\u00e9dito o m\u00e9todo original de pago, en una cierta cantidad de d\u00edas.<\/p>\n<p><\/p>[\/et_pb_text][\/et_pb_column][\/et_pb_row][\/et_pb_section]","protected":false},"excerpt":{"rendered":"<p>[et_pb_section fb_built=\u00bb1&#8243; admin_label=\u00bbsection\u00bb _builder_version=\u00bb3.0.47&#8243;][et_pb_row admin_label=\u00bbrow\u00bb _builder_version=\u00bb3.0.48&#8243; background_size=\u00bbinitial\u00bb background_position=\u00bbtop_left\u00bb background_repeat=\u00bbrepeat\u00bb][et_pb_column type=\u00bb4_4&#8243; _builder_version=\u00bb3.0.47&#8243; parallax=\u00bboff\u00bb parallax_method=\u00bbon\u00bb][et_pb_text admin_label=\u00bbText\u00bb _builder_version=\u00bb3.0.74&#8243; background_size=\u00bbinitial\u00bb background_position=\u00bbtop_left\u00bb background_repeat=\u00bbrepeat\u00bb] Env\u00edos Los plazos de entrega se har\u00e1n en un plazo de 15 d\u00edas m\u00e1ximo intentando reducir siempre el tiempo de entrega en funci\u00f3n de las posibilidades ofrecidas por la empresa de mensajer\u00eda y la situaci\u00f3n geogr\u00e1fica de [&hellip;]<\/p>\n","protected":false},"author":1,"featured_media":0,"parent":0,"menu_order":0,"comment_status":"closed","ping_status":"closed","template":"","meta":{"_et_pb_use_builder":"on","_et_pb_old_content":"<!-- wp:heading -->\n<h2>Env\u00edos<\/h2>\n<!-- \/wp:heading -->\n\n<!-- wp:paragraph -->\n<p>Los plazos de entrega se har\u00e1n en un plazo de 15 d\u00edas m\u00e1ximo intentando reducir siempre el tiempo de entrega en funci\u00f3n de las posibilidades ofrecidas por la empresa de mensajer\u00eda y la situaci\u00f3n geogr\u00e1fica de la direcci\u00f3n del env\u00edo. No podemos garantizar estos plazos de entrega, si bien intentamos que las empresas de transporte los cumplan siempre que sea posible. En el caso de env\u00edos a las Islas Canarias, la recogida se deber\u00e1 realizar en el punto de recogida indicado.<\/p>\n<!-- \/wp:paragraph -->\n\n<!-- wp:paragraph -->\n<p>Los plazos de entrega depender\u00e1n de la disponibilidad de cada producto. En los pedidos que incluyan varios art\u00edculos se har\u00e1 un \u00fanico env\u00edo.<\/p>\n<!-- \/wp:paragraph -->\n\n<!-- wp:paragraph -->\n<p>Se considerar\u00e1 entregado un pedido cuando sea firmado el recibo de entrega por parte del cliente. Es en las pr\u00f3ximas 72 horas cuando el cliente debe verificar los productos a la recepci\u00f3n de los mismos y exponer todas las objeciones que pudiesen existir.<\/p>\n<!-- \/wp:paragraph -->\n\n<!-- wp:paragraph -->\n<p>En caso de recibir un producto da\u00f1ado por el transporte es recomendable contactarnos dentro de las primeras 24 horas para poder reclamar la incidencia a la empresa de transporte. De la misma forma es conveniente dejar constancia dicha empresa de transporte.<\/p>\n<!-- \/wp:paragraph -->\n\n<!-- wp:heading -->\n<h2>Pol\u00edtica de devoluciones<\/h2>\n<!-- \/wp:heading -->\n\n<!-- wp:paragraph -->\n<p>Nuestra pol\u00edtica tiene una duraci\u00f3n de 30 d\u00edas. Si 30 d\u00edas han pasado desde tu compra, por desgracia no podemos ofrecer un reembolso o cambio.<\/p>\n<!-- \/wp:paragraph -->\n\n<!-- wp:paragraph -->\n<p>Para ser elegible para una devoluci\u00f3n, el art\u00edculo debe estar sin usar y en las mismas condiciones en que lo recibiste. Tambi\u00e9n debe estar en su embalaje original.<\/p>\n<!-- \/wp:paragraph -->\n\n<!-- wp:paragraph -->\n<p>La devoluci\u00f3n del producto ser\u00e1 aplicable en el caso de defecto del producto original provocado por la manipulaci\u00f3n del producto por parte de Garpri Cofrade.<\/p>\n<!-- \/wp:paragraph -->\n\n<!-- wp:paragraph -->\n<p>Para completar tu devoluci\u00f3n, requerimos un recibo o prueba de compra. Por favor no env\u00edes tu compra de retorno al fabricante.<\/p>\n<!-- \/wp:paragraph -->\n\n<!-- wp:heading -->\n<h2>Reembolsos<\/h2>\n<!-- \/wp:heading -->\n\n<!-- wp:paragraph -->\n<p>Una&nbsp; vez que tu devoluci\u00f3n es recibida e inspeccionada, enviaremos un correo electr\u00f3nico para notificarte que hemos recibido tu devoluci\u00f3n.&nbsp; Tambi\u00e9n te notificaremos la aprobaci\u00f3n o rechazo de tu reembolso.<\/p>\n<!-- \/wp:paragraph -->\n\n<!-- wp:paragraph -->\n<p>Si eres aprobado, entonces tu reembolso ser\u00e1 procesado y un cr\u00e9dito ser\u00e1 autom\u00e1ticamente aplicado a tu tarjeta de cr\u00e9dito o m\u00e9todo original de pago, en una cierta cantidad de d\u00edas.<\/p>\n<!-- \/wp:paragraph -->","_et_gb_content_width":"","footnotes":""},"class_list":["post-249","page","type-page","status-publish","hentry"],"yoast_head":"<!-- This site is optimized with the Yoast SEO plugin v15.1.1 - https:\/\/yoast.com\/wordpress\/plugins\/seo\/ -->\n<title>Env\u00edo y Devoluciones ~ Fabricante de Art\u00edculos Religiosos<\/title>\n<meta name=\"robots\" content=\"index, follow, max-snippet:-1, max-image-preview:large, max-video-preview:-1\" \/>\n<link rel=\"canonical\" href=\"https:\/\/vieja.purezacofrade.es\/index.php\/envio-y-devoluciones\/\" \/>\n<meta property=\"og:locale\" content=\"es_ES\" \/>\n<meta property=\"og:type\" content=\"article\" \/>\n<meta property=\"og:title\" content=\"Env\u00edo y Devoluciones ~ Fabricante de Art\u00edculos Religiosos\" \/>\n<meta property=\"og:description\" content=\"[et_pb_section fb_built=\u00bb1&#8243; admin_label=\u00bbsection\u00bb _builder_version=\u00bb3.0.47&#8243;][et_pb_row admin_label=\u00bbrow\u00bb _builder_version=\u00bb3.0.48&#8243; background_size=\u00bbinitial\u00bb background_position=\u00bbtop_left\u00bb background_repeat=\u00bbrepeat\u00bb][et_pb_column type=\u00bb4_4&#8243; _builder_version=\u00bb3.0.47&#8243; parallax=\u00bboff\u00bb parallax_method=\u00bbon\u00bb][et_pb_text admin_label=\u00bbText\u00bb _builder_version=\u00bb3.0.74&#8243; background_size=\u00bbinitial\u00bb background_position=\u00bbtop_left\u00bb background_repeat=\u00bbrepeat\u00bb] Env\u00edos Los plazos de entrega se har\u00e1n en un plazo de 15 d\u00edas m\u00e1ximo intentando reducir siempre el tiempo de entrega en funci\u00f3n de las posibilidades ofrecidas por la empresa de mensajer\u00eda y la situaci\u00f3n geogr\u00e1fica de [&hellip;]\" \/>\n<meta property=\"og:url\" content=\"https:\/\/vieja.purezacofrade.es\/index.php\/envio-y-devoluciones\/\" \/>\n<meta property=\"og:site_name\" content=\"Fabricante de Art\u00edculos Religiosos\" \/>\n<meta property=\"article:publisher\" content=\"https:\/\/www.facebook.com\/purezacofrade\" \/>\n<meta property=\"article:modified_time\" content=\"2020-12-28T18:46:08+00:00\" \/>\n<meta name=\"twitter:card\" content=\"summary_large_image\" \/>\n<script type=\"application\/ld+json\" class=\"yoast-schema-graph\">{\"@context\":\"https:\/\/schema.org\",\"@graph\":[{\"@type\":\"Organization\",\"@id\":\"https:\/\/vieja.purezacofrade.es\/#organization\",\"name\":\"Pureza Cofrade\",\"url\":\"https:\/\/vieja.purezacofrade.es\/\",\"sameAs\":[\"https:\/\/www.facebook.com\/purezacofrade\",\"https:\/\/www.instagram.com\/purezaarticuloscofrades\/\"],\"logo\":{\"@type\":\"ImageObject\",\"@id\":\"https:\/\/vieja.purezacofrade.es\/#logo\",\"inLanguage\":\"es\",\"url\":\"https:\/\/vieja.purezacofrade.es\/wp-content\/uploads\/2020\/10\/logo-pureza.png\",\"width\":498,\"height\":218,\"caption\":\"Pureza Cofrade\"},\"image\":{\"@id\":\"https:\/\/vieja.purezacofrade.es\/#logo\"}},{\"@type\":\"WebSite\",\"@id\":\"https:\/\/vieja.purezacofrade.es\/#website\",\"url\":\"https:\/\/vieja.purezacofrade.es\/\",\"name\":\"Art\\u00edculos Cofrades Pureza\",\"description\":\"Fabrica de art\\u00edculos religiosos y promocionales\",\"publisher\":{\"@id\":\"https:\/\/vieja.purezacofrade.es\/#organization\"},\"potentialAction\":[{\"@type\":\"SearchAction\",\"target\":\"https:\/\/vieja.purezacofrade.es\/?s={search_term_string}\",\"query-input\":\"required name=search_term_string\"}],\"inLanguage\":\"es\"},{\"@type\":\"WebPage\",\"@id\":\"https:\/\/vieja.purezacofrade.es\/index.php\/envio-y-devoluciones\/#webpage\",\"url\":\"https:\/\/vieja.purezacofrade.es\/index.php\/envio-y-devoluciones\/\",\"name\":\"Env\\u00edo y Devoluciones ~ Fabricante de Art\\u00edculos Religiosos\",\"isPartOf\":{\"@id\":\"https:\/\/vieja.purezacofrade.es\/#website\"},\"datePublished\":\"2020-10-26T19:55:16+00:00\",\"dateModified\":\"2020-12-28T18:46:08+00:00\",\"inLanguage\":\"es\",\"potentialAction\":[{\"@type\":\"ReadAction\",\"target\":[\"https:\/\/vieja.purezacofrade.es\/index.php\/envio-y-devoluciones\/\"]}]}]}<\/script>\n<!-- \/ Yoast SEO plugin. -->","_links":{"self":[{"href":"https:\/\/vieja.purezacofrade.es\/index.php\/wp-json\/wp\/v2\/pages\/249","targetHints":{"allow":["GET"]}}],"collection":[{"href":"https:\/\/vieja.purezacofrade.es\/index.php\/wp-json\/wp\/v2\/pages"}],"about":[{"href":"https:\/\/vieja.purezacofrade.es\/index.php\/wp-json\/wp\/v2\/types\/page"}],"author":[{"embeddable":true,"href":"https:\/\/vieja.purezacofrade.es\/index.php\/wp-json\/wp\/v2\/users\/1"}],"replies":[{"embeddable":true,"href":"https:\/\/vieja.purezacofrade.es\/index.php\/wp-json\/wp\/v2\/comments?post=249"}],"version-history":[{"count":4,"href":"https:\/\/vieja.purezacofrade.es\/index.php\/wp-json\/wp\/v2\/pages\/249\/revisions"}],"predecessor-version":[{"id":582,"href":"https:\/\/vieja.purezacofrade.es\/index.php\/wp-json\/wp\/v2\/pages\/249\/revisions\/582"}],"wp:attachment":[{"href":"https:\/\/vieja.purezacofrade.es\/index.php\/wp-json\/wp\/v2\/media?parent=249"}],"curies":[{"name":"wp","href":"https:\/\/api.w.org\/{rel}","templated":true}]}}