{"id":2667,"date":"2022-02-09T13:56:18","date_gmt":"2022-02-09T13:56:18","guid":{"rendered":"https:\/\/vieja.purezacofrade.es\/?post_type=product&#038;p=2667"},"modified":"2023-03-13T17:35:03","modified_gmt":"2023-03-13T17:35:03","slug":"pack-pureza-2022","status":"publish","type":"product","link":"https:\/\/vieja.purezacofrade.es\/index.php\/producto\/pack-pureza-2022\/","title":{"rendered":"Pack Pureza 2022"},"content":{"rendered":"<p>PACK Pureza Cofrade 2022<\/p>\n<ul>\n<li>250 Estampas 5,5 x 8,5 cms impresas a doble cara en color en Papel Estucado 350Grs.<\/li>\n<li>50 Medallitas 2 x 3 cms fotoesmaltadas.<\/li>\n<li>50 Imanes 5,5 x 8,5 cms impresi\u00f3n directa<\/li>\n<li>25 Piruletas Personalizadas con fotograf\u00eda<\/li>\n<\/ul>\n<p>Un solo modelo de imagen por PACK.<\/p>\n<p>Plazo de Entrega 4 &#8211; 6 d\u00edas laborables.<\/p>\n<p>IVA Incluido.<\/p>\n","protected":false},"excerpt":{"rendered":"<p>PACK Pureza Cofrade 2022 250 Estampas 5,5 x 8,5 cms impresas a doble cara en color en Papel Estucado 350Grs. 50 Medallitas 2 x 3 cms fotoesmaltadas. 50 Imanes 5,5 x 8,5 cms impresi\u00f3n directa 25 Piruletas Personalizadas con fotograf\u00eda Un solo modelo de imagen por PACK. Plazo de Entrega 4 &#8211; 6 d\u00edas laborables. [&hellip;]<\/p>\n","protected":false},"featured_media":2669,"template":"","meta":{"_et_pb_use_builder":"","_et_pb_old_content":"","_et_gb_content_width":""},"class_list":["post-2667","product","type-product","status-publish","has-post-thumbnail","hentry","product_cat-sin-categorizar","product_cat-packs"],"yoast_head":"<!-- This site is optimized with the Yoast SEO plugin v15.1.1 - https:\/\/yoast.com\/wordpress\/plugins\/seo\/ -->\n<title>Pack Pureza 2022 ~ Fabricante de Art\u00edculos Religiosos<\/title>\n<meta name=\"description\" content=\"250 estamas m\u00e1s 50 medallitas m\u00e1s 50 imanes m\u00e1s 50 piruletas por tan solo 42\u20ac. Oferta Semana Santa 2022. No lo dejes escapar.\" \/>\n<meta name=\"robots\" content=\"index, follow, max-snippet:-1, max-image-preview:large, max-video-preview:-1\" \/>\n<link rel=\"canonical\" href=\"https:\/\/vieja.purezacofrade.es\/index.php\/producto\/pack-pureza-2022\/\" \/>\n<meta property=\"og:locale\" content=\"es_ES\" \/>\n<meta property=\"og:type\" content=\"article\" \/>\n<meta property=\"og:title\" content=\"Pack Pureza 2022 ~ Fabricante de Art\u00edculos Religiosos\" \/>\n<meta property=\"og:description\" content=\"250 estamas m\u00e1s 50 medallitas m\u00e1s 50 imanes m\u00e1s 50 piruletas por tan solo 42\u20ac. Oferta Semana Santa 2022. No lo dejes escapar.\" \/>\n<meta property=\"og:url\" content=\"https:\/\/vieja.purezacofrade.es\/index.php\/producto\/pack-pureza-2022\/\" \/>\n<meta property=\"og:site_name\" content=\"Fabricante de Art\u00edculos Religiosos\" \/>\n<meta property=\"article:publisher\" content=\"https:\/\/www.facebook.com\/purezacofrade\" \/>\n<meta property=\"article:modified_time\" content=\"2023-03-13T17:35:03+00:00\" \/>\n<meta property=\"og:image\" content=\"https:\/\/vieja.purezacofrade.es\/wp-content\/uploads\/2022\/02\/Ofertas-Pureza-2022-06.jpg\" \/>\n\t<meta property=\"og:image:width\" content=\"1242\" \/>\n\t<meta property=\"og:image:height\" content=\"1079\" \/>\n<meta name=\"twitter:card\" content=\"summary_large_image\" \/>\n<script type=\"application\/ld+json\" class=\"yoast-schema-graph\">{\"@context\":\"https:\/\/schema.org\",\"@graph\":[{\"@type\":\"Organization\",\"@id\":\"https:\/\/vieja.purezacofrade.es\/#organization\",\"name\":\"Pureza Cofrade\",\"url\":\"https:\/\/vieja.purezacofrade.es\/\",\"sameAs\":[\"https:\/\/www.facebook.com\/purezacofrade\",\"https:\/\/www.instagram.com\/purezaarticuloscofrades\/\"],\"logo\":{\"@type\":\"ImageObject\",\"@id\":\"https:\/\/vieja.purezacofrade.es\/#logo\",\"inLanguage\":\"es\",\"url\":\"https:\/\/vieja.purezacofrade.es\/wp-content\/uploads\/2020\/10\/logo-pureza.png\",\"width\":498,\"height\":218,\"caption\":\"Pureza Cofrade\"},\"image\":{\"@id\":\"https:\/\/vieja.purezacofrade.es\/#logo\"}},{\"@type\":\"WebSite\",\"@id\":\"https:\/\/vieja.purezacofrade.es\/#website\",\"url\":\"https:\/\/vieja.purezacofrade.es\/\",\"name\":\"Art\\u00edculos Cofrades Pureza\",\"description\":\"Fabrica de art\\u00edculos religiosos y promocionales\",\"publisher\":{\"@id\":\"https:\/\/vieja.purezacofrade.es\/#organization\"},\"potentialAction\":[{\"@type\":\"SearchAction\",\"target\":\"https:\/\/vieja.purezacofrade.es\/?s={search_term_string}\",\"query-input\":\"required name=search_term_string\"}],\"inLanguage\":\"es\"},{\"@type\":\"ImageObject\",\"@id\":\"https:\/\/vieja.purezacofrade.es\/index.php\/producto\/pack-pureza-2022\/#primaryimage\",\"inLanguage\":\"es\",\"url\":\"https:\/\/vieja.purezacofrade.es\/wp-content\/uploads\/2022\/02\/Ofertas-Pureza-2022-06.jpg\",\"width\":1242,\"height\":1079},{\"@type\":\"WebPage\",\"@id\":\"https:\/\/vieja.purezacofrade.es\/index.php\/producto\/pack-pureza-2022\/#webpage\",\"url\":\"https:\/\/vieja.purezacofrade.es\/index.php\/producto\/pack-pureza-2022\/\",\"name\":\"Pack Pureza 2022 ~ Fabricante de Art\\u00edculos Religiosos\",\"isPartOf\":{\"@id\":\"https:\/\/vieja.purezacofrade.es\/#website\"},\"primaryImageOfPage\":{\"@id\":\"https:\/\/vieja.purezacofrade.es\/index.php\/producto\/pack-pureza-2022\/#primaryimage\"},\"datePublished\":\"2022-02-09T13:56:18+00:00\",\"dateModified\":\"2023-03-13T17:35:03+00:00\",\"description\":\"250 estamas m\\u00e1s 50 medallitas m\\u00e1s 50 imanes m\\u00e1s 50 piruletas por tan solo 42\\u20ac. Oferta Semana Santa 2022. No lo dejes escapar.\",\"inLanguage\":\"es\",\"potentialAction\":[{\"@type\":\"ReadAction\",\"target\":[\"https:\/\/vieja.purezacofrade.es\/index.php\/producto\/pack-pureza-2022\/\"]}]}]}<\/script>\n<!-- \/ Yoast SEO plugin. -->","_links":{"self":[{"href":"https:\/\/vieja.purezacofrade.es\/index.php\/wp-json\/wp\/v2\/product\/2667","targetHints":{"allow":["GET"]}}],"collection":[{"href":"https:\/\/vieja.purezacofrade.es\/index.php\/wp-json\/wp\/v2\/product"}],"about":[{"href":"https:\/\/vieja.purezacofrade.es\/index.php\/wp-json\/wp\/v2\/types\/product"}],"wp:featuredmedia":[{"embeddable":true,"href":"https:\/\/vieja.purezacofrade.es\/index.php\/wp-json\/wp\/v2\/media\/2669"}],"wp:attachment":[{"href":"https:\/\/vieja.purezacofrade.es\/index.php\/wp-json\/wp\/v2\/media?parent=2667"}],"curies":[{"name":"wp","href":"https:\/\/api.w.org\/{rel}","templated":true}]}}