{"id":402,"date":"2020-11-19T18:14:33","date_gmt":"2020-11-19T18:14:33","guid":{"rendered":"https:\/\/vieja.purezacofrade.es\/?post_type=product&#038;p=402"},"modified":"2024-06-04T11:43:05","modified_gmt":"2024-06-04T11:43:05","slug":"calendario-sobremesa-14-paginas","status":"publish","type":"product","link":"https:\/\/vieja.purezacofrade.es\/index.php\/producto\/calendario-sobremesa-14-paginas\/","title":{"rendered":"Calendario Sobremesa 14 P\u00e1ginas"},"content":{"rendered":"<p><em>Como comprar:<\/em><\/p>\n<ul>\n<li><strong>No<\/strong>\u00a0<strong>necesitas registrarte<\/strong>\u00a0para hacer cualquier compra.<\/li>\n<li>Selecciona la\u00a0<strong>cantidad<\/strong>\u00a0de cada art\u00edculo que quieras comprar.<\/li>\n<li>Elige el\u00a0<strong>m\u00e9todo de pago<\/strong> (transferencia bancaria, tarjeta de cr\u00e9dito o bizum) y lugar de env\u00edo correspondiente.<\/li>\n<\/ul>\n","protected":false},"excerpt":{"rendered":"<ul>\n<li>Personalizado con 12 im\u00e1genes m\u00e1s la portada.<\/li>\n<li><strong>Tama\u00f1o:<\/strong>\u00a021,5&#215;11 cms.<\/li>\n<li><strong>Impresi\u00f3n:<\/strong>\u00a0A todo color (4\/0 tintas). 7 Hojas Doble Cara.<\/li>\n<li><strong>Papel:<\/strong>\u00a0Cartoncillo folding 300Grs. Papel Estucado 170Grs.<\/li>\n<\/ul>\n<p>Envianos las im\u00e1genes a trav\u00e9s de wetransfer a info@purezacofrade.es indicando el n\u00famero de pedido.<\/p>\n<p>IVA Incluido.<\/p>\n","protected":false},"featured_media":4664,"template":"","meta":{"_et_pb_use_builder":"off","_et_pb_old_content":"<ul>\r\n \t<li><strong>Tama\u00f1o:<\/strong>\u00a023,5x42 cms.<\/li>\r\n \t<li><strong>Impresi\u00f3n:<\/strong>\u00a0A todo color (4\/0 tintas).<\/li>\r\n \t<li><strong>Papel:<\/strong>\u00a0Papel estucado 170Grs , con faldilla bimensual, o mensual de 23,5 cms (ancho).<\/li>\r\n \t<li><strong>Otros:<\/strong>\u00a0Varilla para colgar<\/li>\r\n \t<li><strong>Plazo de Entrega:<\/strong>\u00a02 a 5 d\u00edas laborables.<\/li>\r\n<\/ul>\r\nIVA Incluido.","_et_gb_content_width":""},"class_list":["post-402","product","type-product","status-publish","has-post-thumbnail","hentry","product_cat-calendarios"],"yoast_head":"<!-- This site is optimized with the Yoast SEO plugin v15.1.1 - https:\/\/yoast.com\/wordpress\/plugins\/seo\/ -->\n<title>Calendario Sobremesa 14 P\u00e1ginas ~ Fabricante de Art\u00edculos Religiosos<\/title>\n<meta name=\"description\" content=\"Calendario de sobremesa, personalizado con 14 fotograf\u00edas de tu hermandad, cofrad\u00eda o parroquia. Calidad Garantizada. Los mas baratos.\" \/>\n<meta name=\"robots\" content=\"index, follow, max-snippet:-1, max-image-preview:large, max-video-preview:-1\" \/>\n<link rel=\"canonical\" href=\"https:\/\/vieja.purezacofrade.es\/index.php\/producto\/calendario-sobremesa-14-paginas\/\" \/>\n<meta property=\"og:locale\" content=\"es_ES\" \/>\n<meta property=\"og:type\" content=\"article\" \/>\n<meta property=\"og:title\" content=\"Calendario Sobremesa 14 P\u00e1ginas ~ Fabricante de Art\u00edculos Religiosos\" \/>\n<meta property=\"og:description\" content=\"Calendario de sobremesa, personalizado con 14 fotograf\u00edas de tu hermandad, cofrad\u00eda o parroquia. Calidad Garantizada. Los mas baratos.\" \/>\n<meta property=\"og:url\" content=\"https:\/\/vieja.purezacofrade.es\/index.php\/producto\/calendario-sobremesa-14-paginas\/\" \/>\n<meta property=\"og:site_name\" content=\"Fabricante de Art\u00edculos Religiosos\" \/>\n<meta property=\"article:publisher\" content=\"https:\/\/www.facebook.com\/purezacofrade\" \/>\n<meta property=\"article:modified_time\" content=\"2024-06-04T11:43:05+00:00\" \/>\n<meta property=\"og:image\" content=\"https:\/\/vieja.purezacofrade.es\/wp-content\/uploads\/2020\/10\/Sobremesa-Wire-o.jpg\" \/>\n\t<meta property=\"og:image:width\" content=\"507\" \/>\n\t<meta property=\"og:image:height\" content=\"262\" \/>\n<meta name=\"twitter:card\" content=\"summary_large_image\" \/>\n<script type=\"application\/ld+json\" class=\"yoast-schema-graph\">{\"@context\":\"https:\/\/schema.org\",\"@graph\":[{\"@type\":\"Organization\",\"@id\":\"https:\/\/vieja.purezacofrade.es\/#organization\",\"name\":\"Pureza Cofrade\",\"url\":\"https:\/\/vieja.purezacofrade.es\/\",\"sameAs\":[\"https:\/\/www.facebook.com\/purezacofrade\",\"https:\/\/www.instagram.com\/purezaarticuloscofrades\/\"],\"logo\":{\"@type\":\"ImageObject\",\"@id\":\"https:\/\/vieja.purezacofrade.es\/#logo\",\"inLanguage\":\"es\",\"url\":\"https:\/\/vieja.purezacofrade.es\/wp-content\/uploads\/2020\/10\/logo-pureza.png\",\"width\":498,\"height\":218,\"caption\":\"Pureza Cofrade\"},\"image\":{\"@id\":\"https:\/\/vieja.purezacofrade.es\/#logo\"}},{\"@type\":\"WebSite\",\"@id\":\"https:\/\/vieja.purezacofrade.es\/#website\",\"url\":\"https:\/\/vieja.purezacofrade.es\/\",\"name\":\"Art\\u00edculos Cofrades Pureza\",\"description\":\"Fabrica de art\\u00edculos religiosos y promocionales\",\"publisher\":{\"@id\":\"https:\/\/vieja.purezacofrade.es\/#organization\"},\"potentialAction\":[{\"@type\":\"SearchAction\",\"target\":\"https:\/\/vieja.purezacofrade.es\/?s={search_term_string}\",\"query-input\":\"required name=search_term_string\"}],\"inLanguage\":\"es\"},{\"@type\":\"ImageObject\",\"@id\":\"https:\/\/vieja.purezacofrade.es\/index.php\/producto\/calendario-sobremesa-14-paginas\/#primaryimage\",\"inLanguage\":\"es\",\"url\":\"https:\/\/vieja.purezacofrade.es\/wp-content\/uploads\/2020\/10\/Sobremesa-Wire-o.jpg\",\"width\":507,\"height\":262},{\"@type\":\"WebPage\",\"@id\":\"https:\/\/vieja.purezacofrade.es\/index.php\/producto\/calendario-sobremesa-14-paginas\/#webpage\",\"url\":\"https:\/\/vieja.purezacofrade.es\/index.php\/producto\/calendario-sobremesa-14-paginas\/\",\"name\":\"Calendario Sobremesa 14 P\\u00e1ginas ~ Fabricante de Art\\u00edculos Religiosos\",\"isPartOf\":{\"@id\":\"https:\/\/vieja.purezacofrade.es\/#website\"},\"primaryImageOfPage\":{\"@id\":\"https:\/\/vieja.purezacofrade.es\/index.php\/producto\/calendario-sobremesa-14-paginas\/#primaryimage\"},\"datePublished\":\"2020-11-19T18:14:33+00:00\",\"dateModified\":\"2024-06-04T11:43:05+00:00\",\"description\":\"Calendario de sobremesa, personalizado con 14 fotograf\\u00edas de tu hermandad, cofrad\\u00eda o parroquia. Calidad Garantizada. Los mas baratos.\",\"inLanguage\":\"es\",\"potentialAction\":[{\"@type\":\"ReadAction\",\"target\":[\"https:\/\/vieja.purezacofrade.es\/index.php\/producto\/calendario-sobremesa-14-paginas\/\"]}]}]}<\/script>\n<!-- \/ Yoast SEO plugin. -->","_links":{"self":[{"href":"https:\/\/vieja.purezacofrade.es\/index.php\/wp-json\/wp\/v2\/product\/402","targetHints":{"allow":["GET"]}}],"collection":[{"href":"https:\/\/vieja.purezacofrade.es\/index.php\/wp-json\/wp\/v2\/product"}],"about":[{"href":"https:\/\/vieja.purezacofrade.es\/index.php\/wp-json\/wp\/v2\/types\/product"}],"wp:featuredmedia":[{"embeddable":true,"href":"https:\/\/vieja.purezacofrade.es\/index.php\/wp-json\/wp\/v2\/media\/4664"}],"wp:attachment":[{"href":"https:\/\/vieja.purezacofrade.es\/index.php\/wp-json\/wp\/v2\/media?parent=402"}],"curies":[{"name":"wp","href":"https:\/\/api.w.org\/{rel}","templated":true}]}}