{"id":598,"date":"2020-12-29T21:40:10","date_gmt":"2020-12-29T21:40:10","guid":{"rendered":"https:\/\/vieja.purezacofrade.es\/?post_type=product&#038;p=598"},"modified":"2021-08-12T09:58:44","modified_gmt":"2021-08-12T09:58:44","slug":"taza-personalizada","status":"publish","type":"product","link":"https:\/\/vieja.purezacofrade.es\/index.php\/producto\/taza-personalizada\/","title":{"rendered":"Taza Personalizada"},"content":{"rendered":"<p>Personal\u00edzala con el texto e im\u00e1genes que t\u00fa prefieras.<\/p>\n<p>\u00c1rea de impresi\u00f3n m\u00e1xima 20&#215;8,5 cm, se puede imprimir m\u00e1s peque\u00f1o si se desea.<\/p>\n<address>Para cantidad superior a 100 unidades consultar precio.<\/address>\n","protected":false},"excerpt":{"rendered":"<p>Personal\u00edzala con el texto e im\u00e1genes que t\u00fa prefieras.<\/p>\n<p>\u00c1rea de impresi\u00f3n m\u00e1xima 20&#215;8,5 cm, se puede imprimir m\u00e1s peque\u00f1o si se desea.<\/p>\n<address>Para cantidad superior a 100 unidades consultar precio.<\/address>\n","protected":false},"featured_media":605,"template":"","meta":{"_et_pb_use_builder":"","_et_pb_old_content":"","_et_gb_content_width":""},"class_list":["post-598","product","type-product","status-publish","has-post-thumbnail","hentry","product_cat-regalos-personalizados"],"yoast_head":"<!-- This site is optimized with the Yoast SEO plugin v15.1.1 - https:\/\/yoast.com\/wordpress\/plugins\/seo\/ -->\n<title>Taza Personalizada ~ Fabricante de Art\u00edculos Religiosos<\/title>\n<meta name=\"robots\" content=\"index, follow, max-snippet:-1, max-image-preview:large, max-video-preview:-1\" \/>\n<link rel=\"canonical\" href=\"https:\/\/vieja.purezacofrade.es\/index.php\/producto\/taza-personalizada\/\" \/>\n<meta property=\"og:locale\" content=\"es_ES\" \/>\n<meta property=\"og:type\" content=\"article\" \/>\n<meta property=\"og:title\" content=\"Taza Personalizada ~ Fabricante de Art\u00edculos Religiosos\" \/>\n<meta property=\"og:description\" content=\"Personal\u00edzala con el texto e im\u00e1genes que t\u00fa prefieras.  \u00c1rea de impresi\u00f3n m\u00e1xima 20x8,5 cm, se puede imprimir m\u00e1s peque\u00f1o si se desea.  Para cantidad superior a 100 unidades consultar precio.\" \/>\n<meta property=\"og:url\" content=\"https:\/\/vieja.purezacofrade.es\/index.php\/producto\/taza-personalizada\/\" \/>\n<meta property=\"og:site_name\" content=\"Fabricante de Art\u00edculos Religiosos\" \/>\n<meta property=\"article:publisher\" content=\"https:\/\/www.facebook.com\/purezacofrade\" \/>\n<meta property=\"article:modified_time\" content=\"2021-08-12T09:58:44+00:00\" \/>\n<meta property=\"og:image\" content=\"https:\/\/vieja.purezacofrade.es\/wp-content\/uploads\/2020\/12\/Taza-Salud-12.jpg\" \/>\n\t<meta property=\"og:image:width\" content=\"2363\" \/>\n\t<meta property=\"og:image:height\" content=\"2363\" \/>\n<meta name=\"twitter:card\" content=\"summary_large_image\" \/>\n<script type=\"application\/ld+json\" class=\"yoast-schema-graph\">{\"@context\":\"https:\/\/schema.org\",\"@graph\":[{\"@type\":\"Organization\",\"@id\":\"https:\/\/vieja.purezacofrade.es\/#organization\",\"name\":\"Pureza Cofrade\",\"url\":\"https:\/\/vieja.purezacofrade.es\/\",\"sameAs\":[\"https:\/\/www.facebook.com\/purezacofrade\",\"https:\/\/www.instagram.com\/purezaarticuloscofrades\/\"],\"logo\":{\"@type\":\"ImageObject\",\"@id\":\"https:\/\/vieja.purezacofrade.es\/#logo\",\"inLanguage\":\"es\",\"url\":\"https:\/\/vieja.purezacofrade.es\/wp-content\/uploads\/2020\/10\/logo-pureza.png\",\"width\":498,\"height\":218,\"caption\":\"Pureza Cofrade\"},\"image\":{\"@id\":\"https:\/\/vieja.purezacofrade.es\/#logo\"}},{\"@type\":\"WebSite\",\"@id\":\"https:\/\/vieja.purezacofrade.es\/#website\",\"url\":\"https:\/\/vieja.purezacofrade.es\/\",\"name\":\"Art\\u00edculos Cofrades Pureza\",\"description\":\"Fabrica de art\\u00edculos religiosos y promocionales\",\"publisher\":{\"@id\":\"https:\/\/vieja.purezacofrade.es\/#organization\"},\"potentialAction\":[{\"@type\":\"SearchAction\",\"target\":\"https:\/\/vieja.purezacofrade.es\/?s={search_term_string}\",\"query-input\":\"required name=search_term_string\"}],\"inLanguage\":\"es\"},{\"@type\":\"ImageObject\",\"@id\":\"https:\/\/vieja.purezacofrade.es\/index.php\/producto\/taza-personalizada\/#primaryimage\",\"inLanguage\":\"es\",\"url\":\"https:\/\/vieja.purezacofrade.es\/wp-content\/uploads\/2020\/12\/Taza-Salud-12.jpg\",\"width\":2363,\"height\":2363},{\"@type\":\"WebPage\",\"@id\":\"https:\/\/vieja.purezacofrade.es\/index.php\/producto\/taza-personalizada\/#webpage\",\"url\":\"https:\/\/vieja.purezacofrade.es\/index.php\/producto\/taza-personalizada\/\",\"name\":\"Taza Personalizada ~ Fabricante de Art\\u00edculos Religiosos\",\"isPartOf\":{\"@id\":\"https:\/\/vieja.purezacofrade.es\/#website\"},\"primaryImageOfPage\":{\"@id\":\"https:\/\/vieja.purezacofrade.es\/index.php\/producto\/taza-personalizada\/#primaryimage\"},\"datePublished\":\"2020-12-29T21:40:10+00:00\",\"dateModified\":\"2021-08-12T09:58:44+00:00\",\"inLanguage\":\"es\",\"potentialAction\":[{\"@type\":\"ReadAction\",\"target\":[\"https:\/\/vieja.purezacofrade.es\/index.php\/producto\/taza-personalizada\/\"]}]}]}<\/script>\n<!-- \/ Yoast SEO plugin. -->","_links":{"self":[{"href":"https:\/\/vieja.purezacofrade.es\/index.php\/wp-json\/wp\/v2\/product\/598","targetHints":{"allow":["GET"]}}],"collection":[{"href":"https:\/\/vieja.purezacofrade.es\/index.php\/wp-json\/wp\/v2\/product"}],"about":[{"href":"https:\/\/vieja.purezacofrade.es\/index.php\/wp-json\/wp\/v2\/types\/product"}],"wp:featuredmedia":[{"embeddable":true,"href":"https:\/\/vieja.purezacofrade.es\/index.php\/wp-json\/wp\/v2\/media\/605"}],"wp:attachment":[{"href":"https:\/\/vieja.purezacofrade.es\/index.php\/wp-json\/wp\/v2\/media?parent=598"}],"curies":[{"name":"wp","href":"https:\/\/api.w.org\/{rel}","templated":true}]}}