{"id":78,"date":"2020-10-24T18:36:15","date_gmt":"2020-10-24T18:36:15","guid":{"rendered":"https:\/\/vieja.purezacofrade.es\/?post_type=product&#038;p=78"},"modified":"2024-06-04T11:41:48","modified_gmt":"2024-06-04T11:41:48","slug":"calendarios-de-bolsillo","status":"publish","type":"product","link":"https:\/\/vieja.purezacofrade.es\/index.php\/producto\/calendarios-de-bolsillo\/","title":{"rendered":"Calendarios de Bolsillo"},"content":{"rendered":"<p><em>Como comprar:<\/em><\/p>\n<ul>\n<li><strong>No<\/strong>\u00a0<strong>necesitas registrarte<\/strong>\u00a0para hacer cualquier compra.<\/li>\n<li>Selecciona la\u00a0<strong>cantidad<\/strong>\u00a0de cada art\u00edculo que quieras comprar.<\/li>\n<li>Elige el\u00a0<strong>m\u00e9todo de pago<\/strong> (transferencia bancaria, tarjeta de cr\u00e9dito o bizum) y lugar de env\u00edo correspondiente<\/li>\n<\/ul>\n","protected":false},"excerpt":{"rendered":"<ul>\n<li>Tama\u00f1o 5,5&#215;8,5 cms.<\/li>\n<li>Impresos a todo color por ambas caras en cartulina estucada de 350grs, esquinas redondeadas.<\/li>\n<li>Opciones: Plastificado Brillo 1\/C.<\/li>\n<\/ul>\n<p>IVA Incluido<\/p>\n<p><strong><i>Todos los productos, incluyen\u00a0maquetaci\u00f3n\u00a0b\u00e1sica\u00a0de texto en imagen, cualquier otro dise\u00f1o, consultar el coste.\u00a0<\/i><\/strong><\/p>\n<p>Envianos las im\u00e1genes a trav\u00e9s de wetransfer a info@purezacofrade.es indicando el n\u00famero de pedido.<\/p>\n","protected":false},"featured_media":4659,"template":"","meta":{"_et_pb_use_builder":"off","_et_pb_old_content":"<strong>Calendarios nevera con Im\u00e1n con faldilla mensual.<\/strong>\r\n<ul>\r\n \t<li><strong>Tama\u00f1o:<\/strong>\u00a014x10 cms.<\/li>\r\n \t<li><strong>Impresi\u00f3n:<\/strong>\u00a0A todo color (4\/0 tintas).<\/li>\r\n \t<li><strong>Papel:<\/strong>\u00a0Cartulina estucado de 300 grs, con faldilla mensual de 12x10 cms.<\/li>\r\n \t<li><strong>Otros:<\/strong>\u00a0Banda de Im\u00e1n al dorso.<\/li>\r\n \t<li><strong>Plazo de Entrega:<\/strong>\u00a02 a 5 d\u00edas laborables.<\/li>\r\n<\/ul>\r\nIVA Incluido.","_et_gb_content_width":""},"class_list":["post-78","product","type-product","status-publish","has-post-thumbnail","hentry","product_cat-calendarios"],"yoast_head":"<!-- This site is optimized with the Yoast SEO plugin v15.1.1 - https:\/\/yoast.com\/wordpress\/plugins\/seo\/ -->\n<title>Calendarios de Bolsillo ~ Fabricante de Art\u00edculos Religiosos<\/title>\n<meta name=\"description\" content=\"Calendarios de Bolsillo 2024, para hermandades, cofrad\u00edas o iglesias. Aseguramos el mejor precio y calidad.\" \/>\n<meta name=\"robots\" content=\"index, follow, max-snippet:-1, max-image-preview:large, max-video-preview:-1\" \/>\n<link rel=\"canonical\" href=\"https:\/\/vieja.purezacofrade.es\/index.php\/producto\/calendarios-de-bolsillo\/\" \/>\n<meta property=\"og:locale\" content=\"es_ES\" \/>\n<meta property=\"og:type\" content=\"article\" \/>\n<meta property=\"og:title\" content=\"Calendarios de Bolsillo ~ Fabricante de Art\u00edculos Religiosos\" \/>\n<meta property=\"og:description\" content=\"Calendarios de Bolsillo 2024, para hermandades, cofrad\u00edas o iglesias. Aseguramos el mejor precio y calidad.\" \/>\n<meta property=\"og:url\" content=\"https:\/\/vieja.purezacofrade.es\/index.php\/producto\/calendarios-de-bolsillo\/\" \/>\n<meta property=\"og:site_name\" content=\"Fabricante de Art\u00edculos Religiosos\" \/>\n<meta property=\"article:publisher\" content=\"https:\/\/www.facebook.com\/purezacofrade\" \/>\n<meta property=\"article:modified_time\" content=\"2024-06-04T11:41:48+00:00\" \/>\n<meta property=\"og:image\" content=\"https:\/\/vieja.purezacofrade.es\/wp-content\/uploads\/2020\/10\/Bolsillo.jpg\" \/>\n\t<meta property=\"og:image:width\" content=\"374\" \/>\n\t<meta property=\"og:image:height\" content=\"339\" \/>\n<meta name=\"twitter:card\" content=\"summary_large_image\" \/>\n<script type=\"application\/ld+json\" class=\"yoast-schema-graph\">{\"@context\":\"https:\/\/schema.org\",\"@graph\":[{\"@type\":\"Organization\",\"@id\":\"https:\/\/vieja.purezacofrade.es\/#organization\",\"name\":\"Pureza Cofrade\",\"url\":\"https:\/\/vieja.purezacofrade.es\/\",\"sameAs\":[\"https:\/\/www.facebook.com\/purezacofrade\",\"https:\/\/www.instagram.com\/purezaarticuloscofrades\/\"],\"logo\":{\"@type\":\"ImageObject\",\"@id\":\"https:\/\/vieja.purezacofrade.es\/#logo\",\"inLanguage\":\"es\",\"url\":\"https:\/\/vieja.purezacofrade.es\/wp-content\/uploads\/2020\/10\/logo-pureza.png\",\"width\":498,\"height\":218,\"caption\":\"Pureza Cofrade\"},\"image\":{\"@id\":\"https:\/\/vieja.purezacofrade.es\/#logo\"}},{\"@type\":\"WebSite\",\"@id\":\"https:\/\/vieja.purezacofrade.es\/#website\",\"url\":\"https:\/\/vieja.purezacofrade.es\/\",\"name\":\"Art\\u00edculos Cofrades Pureza\",\"description\":\"Fabrica de art\\u00edculos religiosos y promocionales\",\"publisher\":{\"@id\":\"https:\/\/vieja.purezacofrade.es\/#organization\"},\"potentialAction\":[{\"@type\":\"SearchAction\",\"target\":\"https:\/\/vieja.purezacofrade.es\/?s={search_term_string}\",\"query-input\":\"required name=search_term_string\"}],\"inLanguage\":\"es\"},{\"@type\":\"ImageObject\",\"@id\":\"https:\/\/vieja.purezacofrade.es\/index.php\/producto\/calendarios-de-bolsillo\/#primaryimage\",\"inLanguage\":\"es\",\"url\":\"https:\/\/vieja.purezacofrade.es\/wp-content\/uploads\/2020\/10\/Bolsillo.jpg\",\"width\":374,\"height\":339},{\"@type\":\"WebPage\",\"@id\":\"https:\/\/vieja.purezacofrade.es\/index.php\/producto\/calendarios-de-bolsillo\/#webpage\",\"url\":\"https:\/\/vieja.purezacofrade.es\/index.php\/producto\/calendarios-de-bolsillo\/\",\"name\":\"Calendarios de Bolsillo ~ Fabricante de Art\\u00edculos Religiosos\",\"isPartOf\":{\"@id\":\"https:\/\/vieja.purezacofrade.es\/#website\"},\"primaryImageOfPage\":{\"@id\":\"https:\/\/vieja.purezacofrade.es\/index.php\/producto\/calendarios-de-bolsillo\/#primaryimage\"},\"datePublished\":\"2020-10-24T18:36:15+00:00\",\"dateModified\":\"2024-06-04T11:41:48+00:00\",\"description\":\"Calendarios de Bolsillo 2024, para hermandades, cofrad\\u00edas o iglesias. Aseguramos el mejor precio y calidad.\",\"inLanguage\":\"es\",\"potentialAction\":[{\"@type\":\"ReadAction\",\"target\":[\"https:\/\/vieja.purezacofrade.es\/index.php\/producto\/calendarios-de-bolsillo\/\"]}]}]}<\/script>\n<!-- \/ Yoast SEO plugin. -->","_links":{"self":[{"href":"https:\/\/vieja.purezacofrade.es\/index.php\/wp-json\/wp\/v2\/product\/78","targetHints":{"allow":["GET"]}}],"collection":[{"href":"https:\/\/vieja.purezacofrade.es\/index.php\/wp-json\/wp\/v2\/product"}],"about":[{"href":"https:\/\/vieja.purezacofrade.es\/index.php\/wp-json\/wp\/v2\/types\/product"}],"wp:featuredmedia":[{"embeddable":true,"href":"https:\/\/vieja.purezacofrade.es\/index.php\/wp-json\/wp\/v2\/media\/4659"}],"wp:attachment":[{"href":"https:\/\/vieja.purezacofrade.es\/index.php\/wp-json\/wp\/v2\/media?parent=78"}],"curies":[{"name":"wp","href":"https:\/\/api.w.org\/{rel}","templated":true}]}}